{"id":25,"date":"2020-12-08T03:54:06","date_gmt":"2020-12-08T03:54:06","guid":{"rendered":"https:\/\/www.gavias-theme.com\/wp\/kitecx\/?page_id=25"},"modified":"2021-09-20T16:51:20","modified_gmt":"2021-09-20T13:51:20","slug":"haberler","status":"publish","type":"page","link":"http:\/\/alfaammunition.com\/index.php\/haberler\/?lang=tr","title":{"rendered":"Haberler"},"content":{"rendered":"\t\t<div data-elementor-type=\"wp-page\" data-elementor-id=\"25\" class=\"elementor elementor-25\">\n\t\t\t\t\t\t\t\t\t<section class=\"elementor-section elementor-top-section elementor-element elementor-element-1fbe8dbc elementor-section-boxed elementor-section-height-default elementor-section-height-default row-top\" data-id=\"1fbe8dbc\" data-element_type=\"section\">\n\t\t\t\t\t\t<div class=\"elementor-container elementor-column-gap-default\">\n\t\t\t\t\t<div class=\"elementor-column elementor-col-100 elementor-top-column elementor-element elementor-element-505d4390 column-style-top\" data-id=\"505d4390\" data-element_type=\"column\">\n\t\t\t<div class=\"elementor-widget-wrap elementor-element-populated\">\n\t\t\t\t\t\t\t\t<div class=\"elementor-element elementor-element-962a554 elementor-widget elementor-widget-gva-posts\" data-id=\"962a554\" data-element_type=\"widget\" data-widget_type=\"gva-posts.default\">\n\t\t\t\t<div class=\"elementor-widget-container\">\n\t\t\t<div class=\"gva-element-gva-posts gva-element\">  \r\n  <div class=\"gva-posts-grid clearfix gva-posts\">\r\n\t\t<div class=\"gva-content-items\"> \r\n\t\t  <div class=\"lg-block-grid-3 md-block-grid-3 sm-block-grid-2 xs-block-grid-2 xx-block-grid-1\">\r\n\t\t\t \n<div class=\"all news \">\n   <article id=\"post-4508\" class=\"post post-style-1 post-4508 type-post status-publish format-standard hentry category-news\">\n      <div class=\"post-thumbnail\">\n         <a href=\"http:\/\/alfaammunition.com\/index.php\/2026\/04\/22\/bonus-responsabili-nei-casino-online-etica-trasparenza-e-protezione-del-giocatore\/\">\n                     <\/a>\n                     <div class=\"entry-date\">22 April 2026<\/div>\n               <\/div>   \n\n      <div class=\"entry-content\">\n         <div class=\"content-inner\">\n            <div class=\"entry-meta\">\n               <div class=\"clearfix meta-inline post-meta-1\"><span class=\"author vcard\"><i class=\"far fa-user-circle\"><\/i>admin<\/span><span class=\"post-comment\"><i class=\"far fa-comments\"><\/i>0 Comments<\/span><\/div>            <\/div> \n            <h3 class=\"entry-title\"><a href=\"http:\/\/alfaammunition.com\/index.php\/2026\/04\/22\/bonus-responsabili-nei-casino-online-etica-trasparenza-e-protezione-del-giocatore\/\" rel=\"bookmark\">Bonus Responsabili nei Casin\u00f2 Online: Etica, Trasparenza e Protezione del Giocatore<\/a><\/h3>\n                           <div class=\"entry-desc\">\n                  Bonus Responsabili nei Casin\u00f2 Online: Etica, Trasparenza e Protezione del Giocatore Negli ultimi cinque anni               <\/div>   \n                        <div class=\"read-more\">\n               <a class=\"btn-inline\" href=\"http:\/\/alfaammunition.com\/index.php\/2026\/04\/22\/bonus-responsabili-nei-casino-online-etica-trasparenza-e-protezione-del-giocatore\/\">Read more<\/a>\n            <\/div>\n         <\/div>\n\n      <\/div>\n   <\/article>   \n<\/div>\n\n  \n<div class=\"all news \">\n   <article id=\"post-4496\" class=\"post post-style-1 post-4496 type-post status-publish format-standard hentry category-news\">\n      <div class=\"post-thumbnail\">\n         <a href=\"http:\/\/alfaammunition.com\/index.php\/2026\/04\/18\/ekspertnyi-obzor-bonusov-i-igrovogo-opyta-v-kazino-lev\/\">\n                     <\/a>\n                     <div class=\"entry-date\">18 April 2026<\/div>\n               <\/div>   \n\n      <div class=\"entry-content\">\n         <div class=\"content-inner\">\n            <div class=\"entry-meta\">\n               <div class=\"clearfix meta-inline post-meta-1\"><span class=\"author vcard\"><i class=\"far fa-user-circle\"><\/i>admin<\/span><span class=\"post-comment\"><i class=\"far fa-comments\"><\/i>0 Comments<\/span><\/div>            <\/div> \n            <h3 class=\"entry-title\"><a href=\"http:\/\/alfaammunition.com\/index.php\/2026\/04\/18\/ekspertnyi-obzor-bonusov-i-igrovogo-opyta-v-kazino-lev\/\" rel=\"bookmark\">\u042d\u043a\u0441\u043f\u0435\u0440\u0442\u043d\u044b\u0439 \u043e\u0431\u0437\u043e\u0440 \u0431\u043e\u043d\u0443\u0441\u043e\u0432 \u0438 \u0438\u0433\u0440\u043e\u0432\u043e\u0433\u043e \u043e\u043f\u044b\u0442\u0430 \u0432 \u043a\u0430\u0437\u0438\u043d\u043e \u041b\u0435\u0432<\/a><\/h3>\n                           <div class=\"entry-desc\">\n                  \u042d\u043a\u0441\u043f\u0435\u0440\u0442\u043d\u044b\u0439 \u043e\u0431\u0437\u043e\u0440 \u0431\u043e\u043d\u0443\u0441\u043e\u0432 \u0438 \u0438\u0433\u0440\u043e\u0432\u043e\u0433\u043e \u043e\u043f\u044b\u0442\u0430 \u0432 \u043a\u0430\u0437\u0438\u043d\u043e \u041b\u0435\u0432 \u041e\u043d\u043b\u0430\u0439\u043d\u2011\u0438\u0433\u0440\u044b \u0441\u0442\u0430\u043b\u0438 \u043f\u0440\u0438\u0432\u044b\u0447\u043d\u043e\u0439 \u0447\u0430\u0441\u0442\u044c\u044e \u0434\u043e\u0441\u0443\u0433\u0430 \u043c\u043d\u043e\u0433\u0438\u0445               <\/div>   \n                        <div class=\"read-more\">\n               <a class=\"btn-inline\" href=\"http:\/\/alfaammunition.com\/index.php\/2026\/04\/18\/ekspertnyi-obzor-bonusov-i-igrovogo-opyta-v-kazino-lev\/\">Read more<\/a>\n            <\/div>\n         <\/div>\n\n      <\/div>\n   <\/article>   \n<\/div>\n\n  \n<div class=\"all news \">\n   <article id=\"post-4426\" class=\"post post-style-1 post-4426 type-post status-publish format-standard hentry category-news\">\n      <div class=\"post-thumbnail\">\n         <a href=\"http:\/\/alfaammunition.com\/index.php\/2026\/04\/14\/the-importance-of-having-a-bill-of-sale-when-selling-your-mobile-home\/\">\n                     <\/a>\n                     <div class=\"entry-date\">14 April 2026<\/div>\n               <\/div>   \n\n      <div class=\"entry-content\">\n         <div class=\"content-inner\">\n            <div class=\"entry-meta\">\n               <div class=\"clearfix meta-inline post-meta-1\"><span class=\"author vcard\"><i class=\"far fa-user-circle\"><\/i>admin<\/span><span class=\"post-comment\"><i class=\"far fa-comments\"><\/i>0 Comments<\/span><\/div>            <\/div> \n            <h3 class=\"entry-title\"><a href=\"http:\/\/alfaammunition.com\/index.php\/2026\/04\/14\/the-importance-of-having-a-bill-of-sale-when-selling-your-mobile-home\/\" rel=\"bookmark\">The Importance of Having a Bill of Sale When Selling Your Mobile Home<\/a><\/h3>\n                           <div class=\"entry-desc\">\n                  The Importance of Having a Bill of Sale When Selling Your Mobile Home When it               <\/div>   \n                        <div class=\"read-more\">\n               <a class=\"btn-inline\" href=\"http:\/\/alfaammunition.com\/index.php\/2026\/04\/14\/the-importance-of-having-a-bill-of-sale-when-selling-your-mobile-home\/\">Read more<\/a>\n            <\/div>\n         <\/div>\n\n      <\/div>\n   <\/article>   \n<\/div>\n\n  \n<div class=\"all news \">\n   <article id=\"post-4493\" class=\"post post-style-1 post-4493 type-post status-publish format-standard hentry category-news\">\n      <div class=\"post-thumbnail\">\n         <a href=\"http:\/\/alfaammunition.com\/index.php\/2026\/04\/14\/guida-pratica-alla-licenza-mga-perche-i-casino-online-con-la-malta-gaming-authority-sono-considerati-i-piu-affidabili\/\">\n                     <\/a>\n                     <div class=\"entry-date\">14 April 2026<\/div>\n               <\/div>   \n\n      <div class=\"entry-content\">\n         <div class=\"content-inner\">\n            <div class=\"entry-meta\">\n               <div class=\"clearfix meta-inline post-meta-1\"><span class=\"author vcard\"><i class=\"far fa-user-circle\"><\/i>admin<\/span><span class=\"post-comment\"><i class=\"far fa-comments\"><\/i>0 Comments<\/span><\/div>            <\/div> \n            <h3 class=\"entry-title\"><a href=\"http:\/\/alfaammunition.com\/index.php\/2026\/04\/14\/guida-pratica-alla-licenza-mga-perche-i-casino-online-con-la-malta-gaming-authority-sono-considerati-i-piu-affidabili\/\" rel=\"bookmark\">Guida pratica alla licenza MGA \u2013 Perch\u00e9 i casin\u00f2 online con la Malta Gaming Authority sono considerati i pi\u00f9 affidabili<\/a><\/h3>\n                           <div class=\"entry-desc\">\n                  Guida pratica alla licenza MGA \u2013 Perch\u00e9 i casin\u00f2 online con la Malta Gaming Authority               <\/div>   \n                        <div class=\"read-more\">\n               <a class=\"btn-inline\" href=\"http:\/\/alfaammunition.com\/index.php\/2026\/04\/14\/guida-pratica-alla-licenza-mga-perche-i-casino-online-con-la-malta-gaming-authority-sono-considerati-i-piu-affidabili\/\">Read more<\/a>\n            <\/div>\n         <\/div>\n\n      <\/div>\n   <\/article>   \n<\/div>\n\n  \n<div class=\"all news \">\n   <article id=\"post-4413\" class=\"post post-style-1 post-4413 type-post status-publish format-standard hentry category-news\">\n      <div class=\"post-thumbnail\">\n         <a href=\"http:\/\/alfaammunition.com\/index.php\/2026\/04\/11\/unpacking-user-experience-in-document-management-systems\/\">\n                     <\/a>\n                     <div class=\"entry-date\">11 April 2026<\/div>\n               <\/div>   \n\n      <div class=\"entry-content\">\n         <div class=\"content-inner\">\n            <div class=\"entry-meta\">\n               <div class=\"clearfix meta-inline post-meta-1\"><span class=\"author vcard\"><i class=\"far fa-user-circle\"><\/i>admin<\/span><span class=\"post-comment\"><i class=\"far fa-comments\"><\/i>0 Comments<\/span><\/div>            <\/div> \n            <h3 class=\"entry-title\"><a href=\"http:\/\/alfaammunition.com\/index.php\/2026\/04\/11\/unpacking-user-experience-in-document-management-systems\/\" rel=\"bookmark\">Unpacking User Experience in Document Management Systems<\/a><\/h3>\n                           <div class=\"entry-desc\">\n                  Unpacking User Experience in Document Management Systems Document Management Systems (DMS) have become pivotal for               <\/div>   \n                        <div class=\"read-more\">\n               <a class=\"btn-inline\" href=\"http:\/\/alfaammunition.com\/index.php\/2026\/04\/11\/unpacking-user-experience-in-document-management-systems\/\">Read more<\/a>\n            <\/div>\n         <\/div>\n\n      <\/div>\n   <\/article>   \n<\/div>\n\n  \n<div class=\"all news \">\n   <article id=\"post-4505\" class=\"post post-style-1 post-4505 type-post status-publish format-standard hentry category-news\">\n      <div class=\"post-thumbnail\">\n         <a href=\"http:\/\/alfaammunition.com\/index.php\/2026\/04\/11\/strategie-vip-per-prelievi-lampo-come-i-giocatori-di-slot-trasformano-le-vincite-in-denaro-in-pochi-minuti\/\">\n                     <\/a>\n                     <div class=\"entry-date\">11 April 2026<\/div>\n               <\/div>   \n\n      <div class=\"entry-content\">\n         <div class=\"content-inner\">\n            <div class=\"entry-meta\">\n               <div class=\"clearfix meta-inline post-meta-1\"><span class=\"author vcard\"><i class=\"far fa-user-circle\"><\/i>admin<\/span><span class=\"post-comment\"><i class=\"far fa-comments\"><\/i>0 Comments<\/span><\/div>            <\/div> \n            <h3 class=\"entry-title\"><a href=\"http:\/\/alfaammunition.com\/index.php\/2026\/04\/11\/strategie-vip-per-prelievi-lampo-come-i-giocatori-di-slot-trasformano-le-vincite-in-denaro-in-pochi-minuti\/\" rel=\"bookmark\">Strategie VIP per prelievi lampo: come i giocatori di slot trasformano le vincite in denaro in pochi minuti<\/a><\/h3>\n                           <div class=\"entry-desc\">\n                  Strategie VIP per prelievi lampo: come i giocatori di slot trasformano le vincite in denaro               <\/div>   \n                        <div class=\"read-more\">\n               <a class=\"btn-inline\" href=\"http:\/\/alfaammunition.com\/index.php\/2026\/04\/11\/strategie-vip-per-prelievi-lampo-come-i-giocatori-di-slot-trasformano-le-vincite-in-denaro-in-pochi-minuti\/\">Read more<\/a>\n            <\/div>\n         <\/div>\n\n      <\/div>\n   <\/article>   \n<\/div>\n\n  \t\t  <\/div>\r\n\t\t<\/div>\r\n\t\t\t\t\t <div class=\"pagination\">\r\n\t\t\t\t  <div class=\"column one pager_wrapper\"><div class=\"pager\"><div class=\"paginations\"><a href=\"http:\/\/alfaammunition.com\/index.php\/wp-json\/wp\/v2\/pages\/25\/\" class=\"page-item active\">1<\/a><a href=\"http:\/\/alfaammunition.com\/index.php\/wp-json\/wp\/v2\/pages\/25\/page\/2\/\" class=\"page-item\">2<\/a><a href=\"http:\/\/alfaammunition.com\/index.php\/wp-json\/wp\/v2\/pages\/25\/page\/3\/\" class=\"page-item\">3<\/a><span class=\"page-item\">... <\/span><a href=\"http:\/\/alfaammunition.com\/index.php\/wp-json\/wp\/v2\/pages\/25\/page\/98\/\" class=\"page-item\">98<\/a><a class=\"next_page\" href=\"http:\/\/alfaammunition.com\/index.php\/wp-json\/wp\/v2\/pages\/25\/page\/2\/\"><i class=\"fas fa-chevron-right\"><\/i><\/a><\/div><\/div><\/div>\n\t\t\t <\/div>\r\n\t\t  <\/div>\r\n  <\/div>\t\t<\/div>\n\t\t\t\t<\/div>\n\t\t\t\t\t<\/div>\n\t\t<\/div>\n\t\t\t\t\t\t\t<\/div>\n\t\t<\/section>\n\t\t\t\t\t\t\t<\/div>\n\t\t","protected":false},"excerpt":{"rendered":"<p>8 Dec, 2020 admin0 Comments Donation is Hope for Poor Childrens There are many variations of but the majority have simply free text available not suffered. Read more 8 Dec, 2020 admin0 Comments A Place where Start New Life with Peace There are many variations of but the majority have simply free text available not [&hellip;]<\/p>\n","protected":false},"author":1,"featured_media":0,"parent":0,"menu_order":0,"comment_status":"closed","ping_status":"closed","template":"","meta":{"inline_featured_image":false,"footnotes":""},"class_list":["post-25","page","type-page","status-publish","hentry"],"_links":{"self":[{"href":"http:\/\/alfaammunition.com\/index.php\/wp-json\/wp\/v2\/pages\/25","targetHints":{"allow":["GET"]}}],"collection":[{"href":"http:\/\/alfaammunition.com\/index.php\/wp-json\/wp\/v2\/pages"}],"about":[{"href":"http:\/\/alfaammunition.com\/index.php\/wp-json\/wp\/v2\/types\/page"}],"author":[{"embeddable":true,"href":"http:\/\/alfaammunition.com\/index.php\/wp-json\/wp\/v2\/users\/1"}],"replies":[{"embeddable":true,"href":"http:\/\/alfaammunition.com\/index.php\/wp-json\/wp\/v2\/comments?post=25"}],"version-history":[{"count":1,"href":"http:\/\/alfaammunition.com\/index.php\/wp-json\/wp\/v2\/pages\/25\/revisions"}],"predecessor-version":[{"id":917,"href":"http:\/\/alfaammunition.com\/index.php\/wp-json\/wp\/v2\/pages\/25\/revisions\/917"}],"wp:attachment":[{"href":"http:\/\/alfaammunition.com\/index.php\/wp-json\/wp\/v2\/media?parent=25"}],"curies":[{"name":"wp","href":"https:\/\/api.w.org\/{rel}","templated":true}]}}